{"id":901,"date":"2025-06-09T13:44:04","date_gmt":"2025-06-09T12:44:04","guid":{"rendered":"https:\/\/www.alpakaherz.de\/?post_type=product&#038;p=901"},"modified":"2025-06-14T07:38:26","modified_gmt":"2025-06-14T06:38:26","slug":"alpakafilz-pantoffeln","status":"publish","type":"product","link":"https:\/\/www.alpakaherz.de\/?product=alpakafilz-pantoffeln","title":{"rendered":"Alpakafilz-Pantoffeln"},"content":{"rendered":"<blockquote><p>Erh\u00e4ltlich f\u00fcr Schuhgr\u00f6\u00dfe 35 bis 46<\/p><\/blockquote>\n<ul>\n<li>gewalktes Alpakafilz<\/li>\n<li>Innensohle: 70% Alpaka \/ 30% Schurwolle<\/li>\n<li>Oberteil: 50% Alpaka \/ 50% Schurwolle<\/li>\n<li>Unterteil: 100% Schurwolle latexiert gegen Rutschen<\/li>\n<li>wohlige W\u00e4rme ohne Schwitzen<\/li>\n<li>atmungsaktiv und temperaturausgleichend<\/li>\n<li>weiches angenehmes Tragegef\u00fchl zu jeder Jahreszeit<\/li>\n<\/ul>\n","protected":false},"excerpt":{"rendered":"<p>Erh\u00e4ltlich f\u00fcr Schuhgr\u00f6\u00dfe 35 bis 46 gewalktes Alpakafilz Innensohle: 70% Alpaka \/ 30% Schurwolle Oberteil: 50% Alpaka \/ 50% Schurwolle Unterteil: 100% Schurwolle latexiert gegen Rutschen wohlige W\u00e4rme ohne Schwitzen atmungsaktiv und temperaturausgleichend weiches angenehmes Tragegef\u00fchl zu jeder Jahreszeit<\/p>\n","protected":false},"featured_media":902,"comment_status":"open","ping_status":"closed","template":"","meta":[],"product_brand":[],"product_cat":[38],"product_tag":[98,99,101,100],"class_list":{"0":"post-901","1":"product","2":"type-product","3":"status-publish","4":"has-post-thumbnail","6":"product_cat-clothing","7":"product_tag-alpakafilz","8":"product_tag-alpakafilzpantoffeln","9":"product_tag-hausschuhe","10":"product_tag-pantoffeln","12":"first","13":"instock","14":"taxable","15":"shipping-taxable","16":"purchasable","17":"product-type-variable"},"_links":{"self":[{"href":"https:\/\/www.alpakaherz.de\/index.php?rest_route=\/wp\/v2\/product\/901","targetHints":{"allow":["GET"]}}],"collection":[{"href":"https:\/\/www.alpakaherz.de\/index.php?rest_route=\/wp\/v2\/product"}],"about":[{"href":"https:\/\/www.alpakaherz.de\/index.php?rest_route=\/wp\/v2\/types\/product"}],"replies":[{"embeddable":true,"href":"https:\/\/www.alpakaherz.de\/index.php?rest_route=%2Fwp%2Fv2%2Fcomments&post=901"}],"wp:featuredmedia":[{"embeddable":true,"href":"https:\/\/www.alpakaherz.de\/index.php?rest_route=\/wp\/v2\/media\/902"}],"wp:attachment":[{"href":"https:\/\/www.alpakaherz.de\/index.php?rest_route=%2Fwp%2Fv2%2Fmedia&parent=901"}],"wp:term":[{"taxonomy":"product_brand","embeddable":true,"href":"https:\/\/www.alpakaherz.de\/index.php?rest_route=%2Fwp%2Fv2%2Fproduct_brand&post=901"},{"taxonomy":"product_cat","embeddable":true,"href":"https:\/\/www.alpakaherz.de\/index.php?rest_route=%2Fwp%2Fv2%2Fproduct_cat&post=901"},{"taxonomy":"product_tag","embeddable":true,"href":"https:\/\/www.alpakaherz.de\/index.php?rest_route=%2Fwp%2Fv2%2Fproduct_tag&post=901"}],"curies":[{"name":"wp","href":"https:\/\/api.w.org\/{rel}","templated":true}]}}