{"id":787,"date":"2024-07-07T09:38:32","date_gmt":"2024-07-07T08:38:32","guid":{"rendered":"https:\/\/www.alpakaherz.de\/?post_type=product&#038;p=787"},"modified":"2026-04-13T13:49:51","modified_gmt":"2026-04-13T12:49:51","slug":"alpakakeratinseifen","status":"publish","type":"product","link":"https:\/\/www.alpakaherz.de\/?product=alpakakeratinseifen","title":{"rendered":"Alpaka Keratin Seifen"},"content":{"rendered":"<p>Keratin ist der elementare Baustein von Haaren, N\u00e4geln und Haut.<\/p>\n<p>Das gilt f\u00fcr Mensch und Tier gleicherma\u00dfen.<\/p>\n<p>Der pflegende und reparierende Charakter von Keratin wird in der Kosmetikherstellung seit langem f\u00fcr die Produktion von Haarwaschmitteln genutzt.<\/p>\n<p>In einem speziellen Verfahren wird das Keratin aus der Alpakafaser gel\u00f6st und dem Verseifungsprozess zugesetzt. So entsteht eine hochpflegende Naturseife, die mit nat\u00fcrlichem Keratin die Regeneration der Haut unterst\u00fctzt.<\/p>\n<p>Momentan erh\u00e4ltlich in den einzigartigen Sorten:<\/p>\n<blockquote><p>Sommerweide, Olive72, Ringelblume, Sunshine, Harlekin, Flower Power,\u00a0 Kornblume, Barfu\u00df durch die Blumenwiese, Sommerminze, Sunflower<\/p><\/blockquote>\n<ul>\n<li>Hochpflegend<\/li>\n<li>Nat\u00fcrlich<\/li>\n<li>Ohne Zusatz -und Konservierungsstoffe<\/li>\n<li>Ohne tierische Fette<\/li>\n<li>Palm\u00f6lfrei<\/li>\n<li>Enthalten keine Parabene oder Mineral\u00f6le<\/li>\n<li>Regional<\/li>\n<li>Handgesiedet<\/li>\n<\/ul>\n","protected":false},"excerpt":{"rendered":"<p>&nbsp;<\/p>\n<p><!--more--><\/p>\n","protected":false},"featured_media":931,"comment_status":"closed","ping_status":"closed","template":"","meta":[],"product_brand":[],"product_cat":[83],"product_tag":[51,91,92,87,84,86,110,88,111,85,90,109],"class_list":{"0":"post-787","1":"product","2":"type-product","3":"status-publish","4":"has-post-thumbnail","6":"product_cat-kosmetik","7":"product_tag-alpaka","8":"product_tag-alpakakeratin","9":"product_tag-alpakakeratinseifen","10":"product_tag-handgesiedet","11":"product_tag-keratin","12":"product_tag-naturprodukt","13":"product_tag-olive","14":"product_tag-regional","15":"product_tag-ringelblume","16":"product_tag-seifen","17":"product_tag-sommerweide","18":"product_tag-sunshine","19":"product_shipping_class-paeckchen-s","21":"first","22":"instock","23":"purchasable","24":"product-type-variable"},"_links":{"self":[{"href":"https:\/\/www.alpakaherz.de\/index.php?rest_route=\/wp\/v2\/product\/787","targetHints":{"allow":["GET"]}}],"collection":[{"href":"https:\/\/www.alpakaherz.de\/index.php?rest_route=\/wp\/v2\/product"}],"about":[{"href":"https:\/\/www.alpakaherz.de\/index.php?rest_route=\/wp\/v2\/types\/product"}],"replies":[{"embeddable":true,"href":"https:\/\/www.alpakaherz.de\/index.php?rest_route=%2Fwp%2Fv2%2Fcomments&post=787"}],"wp:featuredmedia":[{"embeddable":true,"href":"https:\/\/www.alpakaherz.de\/index.php?rest_route=\/wp\/v2\/media\/931"}],"wp:attachment":[{"href":"https:\/\/www.alpakaherz.de\/index.php?rest_route=%2Fwp%2Fv2%2Fmedia&parent=787"}],"wp:term":[{"taxonomy":"product_brand","embeddable":true,"href":"https:\/\/www.alpakaherz.de\/index.php?rest_route=%2Fwp%2Fv2%2Fproduct_brand&post=787"},{"taxonomy":"product_cat","embeddable":true,"href":"https:\/\/www.alpakaherz.de\/index.php?rest_route=%2Fwp%2Fv2%2Fproduct_cat&post=787"},{"taxonomy":"product_tag","embeddable":true,"href":"https:\/\/www.alpakaherz.de\/index.php?rest_route=%2Fwp%2Fv2%2Fproduct_tag&post=787"}],"curies":[{"name":"wp","href":"https:\/\/api.w.org\/{rel}","templated":true}]}}