{"id":521,"date":"2021-11-10T10:12:35","date_gmt":"2021-11-10T09:12:35","guid":{"rendered":"https:\/\/www.alpakaherz.de\/?post_type=product&#038;p=521"},"modified":"2025-07-07T15:29:31","modified_gmt":"2025-07-07T14:29:31","slug":"stofftiere-gefuellt-mit-alpakavlies","status":"publish","type":"product","link":"https:\/\/www.alpakaherz.de\/?product=stofftiere-gefuellt-mit-alpakavlies","title":{"rendered":"Stofftiere"},"content":{"rendered":"<blockquote><p>In Zusammenarbeit mit Sunna Alpakas &amp; den Stephanus Werkst\u00e4tten sind mit viel Liebe und der Wolle unserer Alpakas diese tollen Stofftiere entstanden. Diese sind schon f\u00fcr Babys gut greifbar, ganz leicht und waschbar. (Handw\u00e4sche)<\/p><\/blockquote>\n","protected":false},"excerpt":{"rendered":"<p><span style=\"color: #ff0000;\">ONLINE MOMENTAN KEINE VORAUSWAHL DER MOTIVE M\u00d6GLICH. Nur bei Bestellungen mit Abholung vor Ort kann eine Motivauswahl erfolgen.<\/span><\/p>\n<p><em>WhatsApp: 015209821007<\/em><\/p>\n<p><em>Email:\u00a0<a href=\"alpakaherz@gmx.de\">alpakaherz@gmx.de<\/a><\/em><\/p>\n<p>&nbsp;<\/p>\n<ul>\n<li>gef\u00fcllt mit 100% Alpakavlies unserer Tiere und einem kleinen Gl\u00f6ckchen<\/li>\n<li>jedes Stofftier ist ein liebevoll angefertigtes Unikat, welches aus 2 unterschiedlichen Stoffen ( reine Baumwolle ) gen\u00e4ht wurde<\/li>\n<li>Handarbeit<\/li>\n<li>Made in Germany<\/li>\n<li>hergestellt von Sunna Alpakas in Zusammenarbeit mit Stephanus-Werkst\u00e4tten, in denen Menschen mit Beeintr\u00e4chtigung oder psychischer Erkrankung berufliche Perspektiven finden<\/li>\n<\/ul>\n","protected":false},"featured_media":0,"comment_status":"closed","ping_status":"closed","template":"","meta":[],"product_brand":[],"product_cat":[58],"product_tag":[51,76,78,79,63],"class_list":{"0":"post-521","1":"product","2":"type-product","3":"status-publish","5":"product_cat-wollprodukte","6":"product_tag-alpaka","7":"product_tag-alpakastofftier","8":"product_tag-handarbeit","9":"product_tag-made-in-germany","10":"product_tag-stofftiere","12":"first","13":"outofstock","14":"sold-individually","15":"taxable","16":"shipping-taxable","17":"purchasable","18":"product-type-variable"},"_links":{"self":[{"href":"https:\/\/www.alpakaherz.de\/index.php?rest_route=\/wp\/v2\/product\/521","targetHints":{"allow":["GET"]}}],"collection":[{"href":"https:\/\/www.alpakaherz.de\/index.php?rest_route=\/wp\/v2\/product"}],"about":[{"href":"https:\/\/www.alpakaherz.de\/index.php?rest_route=\/wp\/v2\/types\/product"}],"replies":[{"embeddable":true,"href":"https:\/\/www.alpakaherz.de\/index.php?rest_route=%2Fwp%2Fv2%2Fcomments&post=521"}],"wp:attachment":[{"href":"https:\/\/www.alpakaherz.de\/index.php?rest_route=%2Fwp%2Fv2%2Fmedia&parent=521"}],"wp:term":[{"taxonomy":"product_brand","embeddable":true,"href":"https:\/\/www.alpakaherz.de\/index.php?rest_route=%2Fwp%2Fv2%2Fproduct_brand&post=521"},{"taxonomy":"product_cat","embeddable":true,"href":"https:\/\/www.alpakaherz.de\/index.php?rest_route=%2Fwp%2Fv2%2Fproduct_cat&post=521"},{"taxonomy":"product_tag","embeddable":true,"href":"https:\/\/www.alpakaherz.de\/index.php?rest_route=%2Fwp%2Fv2%2Fproduct_tag&post=521"}],"curies":[{"name":"wp","href":"https:\/\/api.w.org\/{rel}","templated":true}]}}