{"id":92,"date":"2022-11-13T11:31:29","date_gmt":"2022-11-13T10:31:29","guid":{"rendered":"https:\/\/alpaka.rfreyt.ag\/?page_id=92"},"modified":"2022-12-11T11:27:39","modified_gmt":"2022-12-11T10:27:39","slug":"angebote","status":"publish","type":"page","link":"https:\/\/www.alpakaherz.de\/?page_id=92","title":{"rendered":"Weidenbesuche"},"content":{"rendered":"\n<div class=\"wp-block-cover alignwide\" style=\"min-height:600px;aspect-ratio:unset;\"><span aria-hidden=\"true\" class=\"wp-block-cover__background has-background-dim-0 has-background-dim\"><\/span><img loading=\"lazy\" decoding=\"async\" width=\"1125\" height=\"1500\" class=\"wp-block-cover__image-background wp-image-687\" alt=\"\" src=\"https:\/\/www.alpakaherz.de\/wp-content\/uploads\/2022\/09\/IMG-20220924-WA0054.jpg\" data-object-fit=\"cover\" srcset=\"https:\/\/www.alpakaherz.de\/wp-content\/uploads\/2022\/09\/IMG-20220924-WA0054.jpg 1125w, https:\/\/www.alpakaherz.de\/wp-content\/uploads\/2022\/09\/IMG-20220924-WA0054-225x300.jpg 225w, https:\/\/www.alpakaherz.de\/wp-content\/uploads\/2022\/09\/IMG-20220924-WA0054-768x1024.jpg 768w, https:\/\/www.alpakaherz.de\/wp-content\/uploads\/2022\/09\/IMG-20220924-WA0054-600x800.jpg 600w\" sizes=\"auto, (max-width: 1125px) 100vw, 1125px\" \/><div class=\"wp-block-cover__inner-container is-layout-flow wp-block-cover-is-layout-flow\">\n<p class=\"has-text-align-center has-large-font-size\"><\/p>\n<\/div><\/div>\n\n\n\n<div class=\"wp-block-group\"><div class=\"wp-block-group__inner-container is-layout-flow wp-block-group-is-layout-flow\">\n<div class=\"wp-block-group alignwide has-background-color has-text-color has-background\" style=\"background-color:#1f5900\"><div class=\"wp-block-group__inner-container is-layout-flow wp-block-group-is-layout-flow\">\n<p>Ihr m\u00f6chtet die 5 Alpakajungs von Alpaka(H)Erz aus der N\u00e4he kennen lernen? Bei einer F\u00fctterung mit ihrem liebsten Zusatzfutter auf der Weide kommt ihr diesen einzigartigen Tieren n\u00e4her denn je. Denn das lieben sie abg\u00f6ttisch. Ihr k\u00f6nnt mir alle Fragen rund um Alpakas stellen und ich denke sie (fast) alle beantworten zu k\u00f6nnen. \ud83d\ude09 Denn das ist ein Thema mit dem ich mich schon seit 2018 st\u00e4ndig besch\u00e4ftige.<\/p>\n\n\n\n<p class=\"has-text-align-center has-primary-color has-background-background-color has-text-color has-background\">Kostenpunkt pro ca. 45min Weidenbesuch betr\u00e4gt insgesamt 50 \u20ac und es k\u00f6nnen bis zu 5 Personen mitkommen. *<\/p>\n\n\n\n<p class=\"has-normal-font-size\">*<em>f\u00fcr jede weitere Person ab 6 Jahren kommen 5 \u20ac dazu.<\/em><br><br><strong>WICHTIG:<\/strong> Das streicheln der Tiere ist bei einem Weidenbesuch nicht garantiert! Auch wenn Alpakas teilweise aussehen wie gro\u00dfe Kuscheltiere m\u00f6gen sie  von Natur aus keine Streicheleinheiten und tolerieren, nur kurze Ber\u00fchrungen. Das sollten wir aus Liebe zu den Tieren akzeptieren. Durch die t\u00e4gliche Zeit die ich auf der Weide investiere und die vielen netten Besucher die regelm\u00e4\u00dfig da sind, sind sie dennoch sehr neugierig, zutraulich und an Menschen gew\u00f6hnt. <\/p>\n\n\n\n<p class=\"has-text-align-center has-primary-color has-background-background-color has-text-color has-background has-normal-font-size\">! <strong>BESUCH NUR NACH ABSPRACHE<\/strong> !<\/p>\n\n\n\n<p class=\"has-text-align-center has-normal-font-size\">Terminabsprache:<br>&#8211; telefonisch oder per Whatsapp unter der <strong>015209821007<\/strong><br>&#8211; per Email an <a href=\"mailto:alpakaherz@gmx.de\">alpakaherz@gmx.de<\/a><\/p>\n<\/div><\/div>\n<\/div><\/div>\n\n\n\n<div class=\"wp-block-group\"><div class=\"wp-block-group__inner-container is-layout-flow wp-block-group-is-layout-flow\"><\/div><\/div>\n\n\n\n<p><\/p>\n","protected":false},"excerpt":{"rendered":"<p>Ihr m\u00f6chtet die 5 Alpakajungs von Alpaka(H)Erz aus der N\u00e4he kennen lernen? Bei einer F\u00fctterung mit ihrem liebsten Zusatzfutter auf der Weide kommt ihr diesen einzigartigen Tieren n\u00e4her denn je. Denn das lieben sie abg\u00f6ttisch. Ihr k\u00f6nnt mir alle Fragen rund um Alpakas stellen und ich denke sie (fast) alle beantworten zu k\u00f6nnen. \ud83d\ude09 Denn [&hellip;]<\/p>\n","protected":false},"author":1,"featured_media":0,"parent":0,"menu_order":0,"comment_status":"closed","ping_status":"closed","template":"templates\/template-full-width.php","meta":{"footnotes":""},"class_list":["post-92","page","type-page","status-publish","hentry"],"_links":{"self":[{"href":"https:\/\/www.alpakaherz.de\/index.php?rest_route=\/wp\/v2\/pages\/92","targetHints":{"allow":["GET"]}}],"collection":[{"href":"https:\/\/www.alpakaherz.de\/index.php?rest_route=\/wp\/v2\/pages"}],"about":[{"href":"https:\/\/www.alpakaherz.de\/index.php?rest_route=\/wp\/v2\/types\/page"}],"author":[{"embeddable":true,"href":"https:\/\/www.alpakaherz.de\/index.php?rest_route=\/wp\/v2\/users\/1"}],"replies":[{"embeddable":true,"href":"https:\/\/www.alpakaherz.de\/index.php?rest_route=%2Fwp%2Fv2%2Fcomments&post=92"}],"version-history":[{"count":44,"href":"https:\/\/www.alpakaherz.de\/index.php?rest_route=\/wp\/v2\/pages\/92\/revisions"}],"predecessor-version":[{"id":736,"href":"https:\/\/www.alpakaherz.de\/index.php?rest_route=\/wp\/v2\/pages\/92\/revisions\/736"}],"wp:attachment":[{"href":"https:\/\/www.alpakaherz.de\/index.php?rest_route=%2Fwp%2Fv2%2Fmedia&parent=92"}],"curies":[{"name":"wp","href":"https:\/\/api.w.org\/{rel}","templated":true}]}}