{"id":62,"date":"2020-06-01T18:49:19","date_gmt":"2020-06-01T17:49:19","guid":{"rendered":"https:\/\/alpaka.rfreyt.ag\/?page_id=62"},"modified":"2026-04-06T12:32:50","modified_gmt":"2026-04-06T11:32:50","slug":"home","status":"publish","type":"page","link":"https:\/\/www.alpakaherz.de\/","title":{"rendered":"aktuelle Informationen"},"content":{"rendered":"\n<p><strong>Alpakawanderungen<\/strong> sind von <strong>November bis Ende April<\/strong> buchbar. Alpaka-Spazierg\u00e4nge mit anschlie\u00dfender F\u00fctterung sowie Weidenbesuche sind ganzj\u00e4hrig nach Absprache m\u00f6glich. Spontane Besuche sind nur selten m\u00f6glich. Bitte meldet euch mindestens 1\u20132 Monate im Voraus f\u00fcr euren Wunschtermin. <\/p>\n\n\n\n<p>\ud83e\udd99\ud83d\udc9a<\/p>\n\n\n\n<p>kleine, private <strong>Alpaka-Spazierg\u00e4nge mit anschlie\u00dfender F\u00fctterung der Tiere<\/strong> k\u00f6nnen ab 3 bis maximal 7 Personen gebucht werden.<\/p>\n\n\n\n<p>Kostenpunkt: 25 Euro pro Person ab 13 Jahre &amp; 10 Euro pro Person von 6 bis 12 Jahre<\/p>\n\n\n\n<div class=\"wp-block-group\"><div class=\"wp-block-group__inner-container is-layout-flow wp-block-group-is-layout-flow\">\n<p class=\"has-text-align-center\"><strong><mark style=\"background-color:#117e00\" class=\"has-inline-color has-background-color\">meldet euch telefonisch oder per WhatsApp bei Fragen oder f\u00fcr euren Wunschtermin unter der 015209821007<\/mark><\/strong><\/p>\n\n\n\n<p class=\"has-text-align-center\">Wir freuen uns auf euren Besuch!<\/p>\n\n\n\n<p><em>(H)erzliche Gr\u00fc\u00dfe Sandra von Alpaka(H)Erz<\/em><\/p>\n<\/div><\/div>\n\n\n\n<div class=\"wp-block-group\"><div class=\"wp-block-group__inner-container is-layout-flow wp-block-group-is-layout-flow\">\n<figure class=\"wp-block-gallery has-nested-images columns-default is-cropped wp-block-gallery-1 is-layout-flex wp-block-gallery-is-layout-flex\">\n<figure class=\"wp-block-image size-full\"><img loading=\"lazy\" decoding=\"async\" width=\"1920\" height=\"1280\" data-id=\"744\" src=\"https:\/\/www.alpakaherz.de\/wp-content\/uploads\/2022\/12\/IMG_86121.jpg\" alt=\"\" class=\"wp-image-744\" srcset=\"https:\/\/www.alpakaherz.de\/wp-content\/uploads\/2022\/12\/IMG_86121.jpg 1920w, https:\/\/www.alpakaherz.de\/wp-content\/uploads\/2022\/12\/IMG_86121-300x200.jpg 300w, https:\/\/www.alpakaherz.de\/wp-content\/uploads\/2022\/12\/IMG_86121-768x512.jpg 768w, https:\/\/www.alpakaherz.de\/wp-content\/uploads\/2022\/12\/IMG_86121-1536x1024.jpg 1536w, https:\/\/www.alpakaherz.de\/wp-content\/uploads\/2022\/12\/IMG_86121-1200x800.jpg 1200w, https:\/\/www.alpakaherz.de\/wp-content\/uploads\/2022\/12\/IMG_86121-600x400.jpg 600w\" sizes=\"auto, (max-width: 1920px) 100vw, 1920px\" \/><\/figure>\n<\/figure>\n\n\n\n<p><\/p>\n<\/div><\/div>\n\n\n\n<p><\/p>\n\n\n\n<figure class=\"wp-block-gallery has-nested-images columns-default is-cropped wp-block-gallery-2 is-layout-flex wp-block-gallery-is-layout-flex\"><\/figure>\n\n\n\n<p><\/p>\n","protected":false},"excerpt":{"rendered":"<p>Alpakawanderungen sind von November bis Ende April buchbar. Alpaka-Spazierg\u00e4nge mit anschlie\u00dfender F\u00fctterung sowie Weidenbesuche sind ganzj\u00e4hrig nach Absprache m\u00f6glich. Spontane Besuche sind nur selten m\u00f6glich. Bitte meldet euch mindestens 1\u20132 Monate im Voraus f\u00fcr euren Wunschtermin. \ud83e\udd99\ud83d\udc9a kleine, private Alpaka-Spazierg\u00e4nge mit anschlie\u00dfender F\u00fctterung der Tiere k\u00f6nnen ab 3 bis maximal 7 Personen gebucht werden. Kostenpunkt: [&hellip;]<\/p>\n","protected":false},"author":2,"featured_media":0,"parent":0,"menu_order":0,"comment_status":"closed","ping_status":"closed","template":"templates\/template-full-width.php","meta":{"footnotes":""},"class_list":["post-62","page","type-page","status-publish","hentry"],"_links":{"self":[{"href":"https:\/\/www.alpakaherz.de\/index.php?rest_route=\/wp\/v2\/pages\/62","targetHints":{"allow":["GET"]}}],"collection":[{"href":"https:\/\/www.alpakaherz.de\/index.php?rest_route=\/wp\/v2\/pages"}],"about":[{"href":"https:\/\/www.alpakaherz.de\/index.php?rest_route=\/wp\/v2\/types\/page"}],"author":[{"embeddable":true,"href":"https:\/\/www.alpakaherz.de\/index.php?rest_route=\/wp\/v2\/users\/2"}],"replies":[{"embeddable":true,"href":"https:\/\/www.alpakaherz.de\/index.php?rest_route=%2Fwp%2Fv2%2Fcomments&post=62"}],"version-history":[{"count":77,"href":"https:\/\/www.alpakaherz.de\/index.php?rest_route=\/wp\/v2\/pages\/62\/revisions"}],"predecessor-version":[{"id":962,"href":"https:\/\/www.alpakaherz.de\/index.php?rest_route=\/wp\/v2\/pages\/62\/revisions\/962"}],"wp:attachment":[{"href":"https:\/\/www.alpakaherz.de\/index.php?rest_route=%2Fwp%2Fv2%2Fmedia&parent=62"}],"curies":[{"name":"wp","href":"https:\/\/api.w.org\/{rel}","templated":true}]}}