{"id":173,"date":"2022-11-13T11:59:23","date_gmt":"2022-11-13T10:59:23","guid":{"rendered":"https:\/\/www.alpakaherz.de\/?page_id=173"},"modified":"2026-04-06T12:35:27","modified_gmt":"2026-04-06T11:35:27","slug":"wanderungen","status":"publish","type":"page","link":"https:\/\/www.alpakaherz.de\/?page_id=173","title":{"rendered":"Wanderungen"},"content":{"rendered":"\n<div class=\"wp-block-group alignwide has-background-color has-text-color has-background\" style=\"background-color:#1f5900\"><div class=\"wp-block-group__inner-container is-layout-flow wp-block-group-is-layout-flow\">\n<figure class=\"wp-block-image size-full\"><img loading=\"lazy\" decoding=\"async\" width=\"1440\" height=\"960\" src=\"https:\/\/www.alpakaherz.de\/wp-content\/uploads\/2022\/12\/IMG_20221217_080157_350.webp\" alt=\"\" class=\"wp-image-743\" srcset=\"https:\/\/www.alpakaherz.de\/wp-content\/uploads\/2022\/12\/IMG_20221217_080157_350.webp 1440w, https:\/\/www.alpakaherz.de\/wp-content\/uploads\/2022\/12\/IMG_20221217_080157_350-300x200.webp 300w, https:\/\/www.alpakaherz.de\/wp-content\/uploads\/2022\/12\/IMG_20221217_080157_350-768x512.webp 768w, https:\/\/www.alpakaherz.de\/wp-content\/uploads\/2022\/12\/IMG_20221217_080157_350-1200x800.webp 1200w, https:\/\/www.alpakaherz.de\/wp-content\/uploads\/2022\/12\/IMG_20221217_080157_350-600x400.webp 600w\" sizes=\"auto, (max-width: 1440px) 100vw, 1440px\" \/><\/figure>\n\n\n\n<p class=\"has-text-align-center has-large-font-size\">individuelle <mark style=\"background-color:rgba(0, 0, 0, 0)\" class=\"has-inline-color has-background-color\"><strong>Alpakawanderungen in Kleingruppen mit unseren Alpakas im idyllischen Erzgebirge <\/strong><\/mark><\/p>\n\n\n\n<p class=\"has-text-align-center\">Lasst euch von dem ruhigen und friedlichen Wesen der Alpakas anstecken, erfreut euch an der sch\u00f6nen erzgebirgischen Landschaft und erfahrt dabei mehr \u00fcber die &#8222;Delphine der Wiesen&#8220;.<\/p>\n\n\n\n<p><\/p>\n\n\n\n<p><strong>Kostenpunkt f\u00fcr ca. 1,5 Stunden Alpakawanderung:<br><\/strong>&#8211; pro Person ab 13 Jahren: 35 Euro<br>&#8211; pro Kind im Alter von 6 &#8211; 12 Jahren: 15 Euro<\/p>\n\n\n\n<p>Alpakawanderung k\u00f6nnen ab 3 Personen gebucht werden. Es k\u00f6nnen bis zu 5 Personen ein Alpaka f\u00fchren. F\u00fcr Kinder unter 6 Jahren ist die Wanderung noch nicht geeignet. Stattdessen ist f\u00fcr die Kleinen ein Besuch auf der Weide empfehlenswert. <a href=\"https:\/\/www.alpakaherz.de\/?page_id=92\" data-type=\"URL\" data-id=\"https:\/\/www.alpakaherz.de\/?page_id=92\" target=\"_blank\" rel=\"noreferrer noopener\">https:\/\/www.alpakaherz.de\/?page_id=92<\/a><\/p>\n\n\n\n<p class=\"has-text-align-left has-primary-color has-background-background-color has-text-color has-background\">Bei weiteren Fragen oder zur Terminabsprache k\u00f6nnt ihr mich einfach telefonisch oder per Whatsapp unter der <strong>015209821007<\/strong> kontaktieren oder per E-Mail an <a href=\"mailto:alpakaherz@gmx.de\" target=\"_blank\" rel=\"noreferrer noopener\">alpakaherz@gmx.de<\/a><\/p>\n\n\n\n<figure class=\"wp-block-image size-full\"><img loading=\"lazy\" decoding=\"async\" width=\"1920\" height=\"1280\" src=\"https:\/\/www.alpakaherz.de\/wp-content\/uploads\/2022\/12\/IMG_8694-2.jpg\" alt=\"\" class=\"wp-image-729\" srcset=\"https:\/\/www.alpakaherz.de\/wp-content\/uploads\/2022\/12\/IMG_8694-2.jpg 1920w, https:\/\/www.alpakaherz.de\/wp-content\/uploads\/2022\/12\/IMG_8694-2-300x200.jpg 300w, https:\/\/www.alpakaherz.de\/wp-content\/uploads\/2022\/12\/IMG_8694-2-768x512.jpg 768w, https:\/\/www.alpakaherz.de\/wp-content\/uploads\/2022\/12\/IMG_8694-2-1536x1024.jpg 1536w, https:\/\/www.alpakaherz.de\/wp-content\/uploads\/2022\/12\/IMG_8694-2-1200x800.jpg 1200w, https:\/\/www.alpakaherz.de\/wp-content\/uploads\/2022\/12\/IMG_8694-2-600x400.jpg 600w\" sizes=\"auto, (max-width: 1920px) 100vw, 1920px\" \/><\/figure>\n\n\n\n<p>Sch\u00f6ne Momente m\u00fcssen festgehalten werden! Deshalb gibt es jetzt die M\u00f6glichkeit die Alpakawanderung in Kombination mit einem Fotoshooting zu buchen. Dazu m\u00fcsst ihr nix weiter tun, als das bei unserer Terminabsprache zu erw\u00e4hnen. Die Preise f\u00fcr die Alpakawanderung bleiben gleich. Eine \u00dcbersicht \u00fcber die Shooting Preise findet ihr hier: <a rel=\"noreferrer noopener\" href=\"https:\/\/www.beatrice-herrmann-fotografie.de\/shootinginfos\/\" target=\"_blank\">https:\/\/www.beatrice-herrmann-fotografie.de\/shootinginfos\/&nbsp;<\/a><\/p>\n\n\n\n<p>In Zusammenarbeit mit: <a href=\"https:\/\/www.beatrice-herrmann-fotografie.de\/\" target=\"_blank\" rel=\"noreferrer noopener\">https:\/\/www.beatrice-herrmann-fotografie.de\/<\/a> \ud83d\udcf8<\/p>\n\n\n\n<p><\/p>\n\n\n\n<figure class=\"wp-block-image size-full\"><img loading=\"lazy\" decoding=\"async\" width=\"1920\" height=\"1280\" src=\"https:\/\/www.alpakaherz.de\/wp-content\/uploads\/2022\/12\/IMG_8636.jpg\" alt=\"\" class=\"wp-image-731\" srcset=\"https:\/\/www.alpakaherz.de\/wp-content\/uploads\/2022\/12\/IMG_8636.jpg 1920w, https:\/\/www.alpakaherz.de\/wp-content\/uploads\/2022\/12\/IMG_8636-300x200.jpg 300w, https:\/\/www.alpakaherz.de\/wp-content\/uploads\/2022\/12\/IMG_8636-768x512.jpg 768w, https:\/\/www.alpakaherz.de\/wp-content\/uploads\/2022\/12\/IMG_8636-1536x1024.jpg 1536w, https:\/\/www.alpakaherz.de\/wp-content\/uploads\/2022\/12\/IMG_8636-1200x800.jpg 1200w, https:\/\/www.alpakaherz.de\/wp-content\/uploads\/2022\/12\/IMG_8636-600x400.jpg 600w\" sizes=\"auto, (max-width: 1920px) 100vw, 1920px\" \/><\/figure>\n\n\n\n<figure class=\"wp-block-image size-large\"><img loading=\"lazy\" decoding=\"async\" width=\"4000\" height=\"2667\" src=\"https:\/\/www.alpakaherz.de\/wp-content\/uploads\/2022\/12\/IMG_8671-1-1-4000x2667.jpg\" alt=\"\" class=\"wp-image-732\" srcset=\"https:\/\/www.alpakaherz.de\/wp-content\/uploads\/2022\/12\/IMG_8671-1-1-4000x2667.jpg 4000w, https:\/\/www.alpakaherz.de\/wp-content\/uploads\/2022\/12\/IMG_8671-1-1-300x200.jpg 300w, https:\/\/www.alpakaherz.de\/wp-content\/uploads\/2022\/12\/IMG_8671-1-1-768x512.jpg 768w, https:\/\/www.alpakaherz.de\/wp-content\/uploads\/2022\/12\/IMG_8671-1-1-1536x1024.jpg 1536w, https:\/\/www.alpakaherz.de\/wp-content\/uploads\/2022\/12\/IMG_8671-1-1-2048x1365.jpg 2048w, https:\/\/www.alpakaherz.de\/wp-content\/uploads\/2022\/12\/IMG_8671-1-1-1200x800.jpg 1200w, https:\/\/www.alpakaherz.de\/wp-content\/uploads\/2022\/12\/IMG_8671-1-1-1980x1320.jpg 1980w, https:\/\/www.alpakaherz.de\/wp-content\/uploads\/2022\/12\/IMG_8671-1-1-600x400.jpg 600w\" sizes=\"auto, (max-width: 4000px) 100vw, 4000px\" \/><\/figure>\n<\/div><\/div>\n","protected":false},"excerpt":{"rendered":"<p>individuelle Alpakawanderungen in Kleingruppen mit unseren Alpakas im idyllischen Erzgebirge Lasst euch von dem ruhigen und friedlichen Wesen der Alpakas anstecken, erfreut euch an der sch\u00f6nen erzgebirgischen Landschaft und erfahrt dabei mehr \u00fcber die &#8222;Delphine der Wiesen&#8220;. Kostenpunkt f\u00fcr ca. 1,5 Stunden Alpakawanderung:&#8211; pro Person ab 13 Jahren: 35 Euro&#8211; pro Kind im Alter von [&hellip;]<\/p>\n","protected":false},"author":1,"featured_media":0,"parent":0,"menu_order":1,"comment_status":"closed","ping_status":"closed","template":"templates\/template-full-width.php","meta":{"footnotes":""},"class_list":["post-173","page","type-page","status-publish","hentry"],"_links":{"self":[{"href":"https:\/\/www.alpakaherz.de\/index.php?rest_route=\/wp\/v2\/pages\/173","targetHints":{"allow":["GET"]}}],"collection":[{"href":"https:\/\/www.alpakaherz.de\/index.php?rest_route=\/wp\/v2\/pages"}],"about":[{"href":"https:\/\/www.alpakaherz.de\/index.php?rest_route=\/wp\/v2\/types\/page"}],"author":[{"embeddable":true,"href":"https:\/\/www.alpakaherz.de\/index.php?rest_route=\/wp\/v2\/users\/1"}],"replies":[{"embeddable":true,"href":"https:\/\/www.alpakaherz.de\/index.php?rest_route=%2Fwp%2Fv2%2Fcomments&post=173"}],"version-history":[{"count":61,"href":"https:\/\/www.alpakaherz.de\/index.php?rest_route=\/wp\/v2\/pages\/173\/revisions"}],"predecessor-version":[{"id":964,"href":"https:\/\/www.alpakaherz.de\/index.php?rest_route=\/wp\/v2\/pages\/173\/revisions\/964"}],"wp:attachment":[{"href":"https:\/\/www.alpakaherz.de\/index.php?rest_route=%2Fwp%2Fv2%2Fmedia&parent=173"}],"curies":[{"name":"wp","href":"https:\/\/api.w.org\/{rel}","templated":true}]}}